{"id":6,"date":"2025-12-13T22:39:47","date_gmt":"2025-12-13T21:39:47","guid":{"rendered":"https:\/\/audio-aroma.de\/?page_id=6"},"modified":"2025-12-27T13:15:02","modified_gmt":"2025-12-27T12:15:02","slug":"datenschutzerklaerung","status":"publish","type":"page","link":"https:\/\/audio-aroma.de\/?page_id=6","title":{"rendered":"Datenschutzerkl\u00e4rung"},"content":{"rendered":"\n\n\n<p><strong>Datenschutzerkl\u00e4rung<\/strong><\/p>\n\n\n\n<p><strong>1. Verantwortlicher<\/strong> Verantwortlich f\u00fcr die Datenverarbeitung auf dieser Website ist: Hotel am Fleesensee [Peter Hillmann] Strandstra\u00dfe 4A 17213 Malchow E-Mail: info@hotel-am-fleesensee.de<\/p>\n\n\n\n<p><strong>2. Erhebung und Speicherung personenbezogener Daten<\/strong> Beim Aufrufen unserer Website <code class=\"\">www.audio-aroma.de<\/code> werden durch den Browser automatisch Informationen an den Server unserer Website gesendet (Server-Logfiles). Diese Informationen (z.B. IP-Adresse, Datum, Uhrzeit, Browser) sind technisch erforderlich, um Ihnen unsere Website anzuzeigen.<\/p>\n\n\n\n<p><strong>3. Kontaktformular &amp; Gruppenanfragen<\/strong> Wenn Sie uns per Kontaktformular Anfragen zukommen lassen, werden Ihre Angaben aus dem Anfrageformular inklusive der von Ihnen dort angegebenen Kontaktdaten zwecks Bearbeitung der Anfrage und f\u00fcr den Fall von Anschlussfragen bei uns gespeichert. Diese Daten geben wir nicht ohne Ihre Einwilligung weiter. Rechtsgrundlage: Art. 6 Abs. 1 lit. b DSGVO (Vertragserf\u00fcllung\/Vorvertragliche Ma\u00dfnahmen).<\/p>\n\n\n\n<p><strong>4. Cookies<\/strong> Wir verwenden auf unserer Seite Cookies. Hierbei handelt es sich um kleine Dateien, die Ihr Browser automatisch erstellt und auf Ihrem Endger\u00e4t speichert. Sie dienen dazu, die Nutzung unseres Angebots angenehmer zu gestalten (z.B. Session-Cookies). Sie k\u00f6nnen Ihren Browser so konfigurieren, dass keine Cookies gespeichert werden.<\/p>\n\n\n\n<p><strong>5. Einbindung von Diensten Dritter (Tickets &amp; Schriftarten)<\/strong><\/p>\n\n\n\n<ul class=\"wp-block-list\">\n<li><strong>Ticketbuchung:<\/strong> Wir verlinken f\u00fcr den Ticketkauf auf externe Anbieter (z.B. Eventbrite) oder unser eigenes Buchungssystem. F\u00fcr die Datenverarbeitung dort gelten die Datenschutzbestimmungen des jeweiligen Anbieters.<\/li>\n\n\n\n<li><strong>Google Fonts \/ Lokale Schriftarten:<\/strong> Wir binden Schriftarten lokal ein, um keine Verbindung zu Google-Servern herzustellen und Ihre IP-Adresse zu sch\u00fctzen.<\/li>\n<\/ul>\n\n\n\n<p><strong>6. Ihre Rechte<\/strong> Sie haben das Recht auf Auskunft, Berichtigung, L\u00f6schung, Einschr\u00e4nkung der Verarbeitung, Widerspruch und Daten\u00fcbertragbarkeit (Art. 15-21 DSGVO).<\/p>\n","protected":false},"excerpt":{"rendered":"<p>Datenschutzerkl\u00e4rung 1. Verantwortlicher Verantwortlich f\u00fcr die Datenverarbeitung auf dieser Website ist: Hotel am Fleesensee [Peter Hillmann] Strandstra\u00dfe 4A 17213 Malchow [&hellip;]<\/p>\n","protected":false},"author":1,"featured_media":0,"parent":0,"menu_order":0,"comment_status":"closed","ping_status":"closed","template":"elementor_canvas","meta":{"_monsterinsights_skip_tracking":false,"_monsterinsights_sitenote_active":false,"_monsterinsights_sitenote_note":"","_monsterinsights_sitenote_category":0,"site-sidebar-layout":"default","site-content-layout":"","ast-site-content-layout":"default","site-content-style":"default","site-sidebar-style":"default","ast-global-header-display":"","ast-banner-title-visibility":"","ast-main-header-display":"","ast-hfb-above-header-display":"","ast-hfb-below-header-display":"","ast-hfb-mobile-header-display":"","site-post-title":"","ast-breadcrumbs-content":"","ast-featured-img":"","footer-sml-layout":"","ast-disable-related-posts":"","theme-transparent-header-meta":"","adv-header-id-meta":"","stick-header-meta":"","header-above-stick-meta":"","header-main-stick-meta":"","header-below-stick-meta":"","astra-migrate-meta-layouts":"default","ast-page-background-enabled":"default","ast-page-background-meta":{"desktop":{"background-color":"var(--ast-global-color-5)","background-image":"","background-repeat":"repeat","background-position":"center center","background-size":"auto","background-attachment":"scroll","background-type":"","background-media":"","overlay-type":"","overlay-color":"","overlay-opacity":"","overlay-gradient":""},"tablet":{"background-color":"","background-image":"","background-repeat":"repeat","background-position":"center center","background-size":"auto","background-attachment":"scroll","background-type":"","background-media":"","overlay-type":"","overlay-color":"","overlay-opacity":"","overlay-gradient":""},"mobile":{"background-color":"","background-image":"","background-repeat":"repeat","background-position":"center center","background-size":"auto","background-attachment":"scroll","background-type":"","background-media":"","overlay-type":"","overlay-color":"","overlay-opacity":"","overlay-gradient":""}},"ast-content-background-meta":{"desktop":{"background-color":"var(--ast-global-color-4)","background-image":"","background-repeat":"repeat","background-position":"center center","background-size":"auto","background-attachment":"scroll","background-type":"","background-media":"","overlay-type":"","overlay-color":"","overlay-opacity":"","overlay-gradient":""},"tablet":{"background-color":"var(--ast-global-color-4)","background-image":"","background-repeat":"repeat","background-position":"center center","background-size":"auto","background-attachment":"scroll","background-type":"","background-media":"","overlay-type":"","overlay-color":"","overlay-opacity":"","overlay-gradient":""},"mobile":{"background-color":"var(--ast-global-color-4)","background-image":"","background-repeat":"repeat","background-position":"center center","background-size":"auto","background-attachment":"scroll","background-type":"","background-media":"","overlay-type":"","overlay-color":"","overlay-opacity":"","overlay-gradient":""}},"footnotes":""},"class_list":["post-6","page","type-page","status-publish","hentry"],"aioseo_notices":[],"_links":{"self":[{"href":"https:\/\/audio-aroma.de\/index.php?rest_route=\/wp\/v2\/pages\/6","targetHints":{"allow":["GET"]}}],"collection":[{"href":"https:\/\/audio-aroma.de\/index.php?rest_route=\/wp\/v2\/pages"}],"about":[{"href":"https:\/\/audio-aroma.de\/index.php?rest_route=\/wp\/v2\/types\/page"}],"author":[{"embeddable":true,"href":"https:\/\/audio-aroma.de\/index.php?rest_route=\/wp\/v2\/users\/1"}],"replies":[{"embeddable":true,"href":"https:\/\/audio-aroma.de\/index.php?rest_route=%2Fwp%2Fv2%2Fcomments&post=6"}],"version-history":[{"count":8,"href":"https:\/\/audio-aroma.de\/index.php?rest_route=\/wp\/v2\/pages\/6\/revisions"}],"predecessor-version":[{"id":297,"href":"https:\/\/audio-aroma.de\/index.php?rest_route=\/wp\/v2\/pages\/6\/revisions\/297"}],"wp:attachment":[{"href":"https:\/\/audio-aroma.de\/index.php?rest_route=%2Fwp%2Fv2%2Fmedia&parent=6"}],"curies":[{"name":"wp","href":"https:\/\/api.w.org\/{rel}","templated":true}]}}